{"id":587,"date":"2016-09-12T16:55:39","date_gmt":"2016-09-12T20:55:39","guid":{"rendered":"http:\/\/simon.wps.dev\/fr\/sample-page\/"},"modified":"2025-12-04T10:09:34","modified_gmt":"2025-12-04T15:09:34","slug":"sample-page","status":"publish","type":"page","link":"https:\/\/rougas.ca\/fr\/","title":{"rendered":"Bonjour"},"content":{"rendered":"<div class=\"widget blue full\" id=\"sow-editor\" data-index=\"0\"><div class=\"so-widget-sow-editor so-widget-sow-editor-base\"><h3 class=\"widget-title\">Je vous accompagne dans votre parcours financier<\/h3>\n<div class=\"siteorigin-widget-tinymce textwidget\">\n\t<p>Plus qu\u2019un simple courtier hypoth\u00e9caire, je suis un coach financier de confiance. Avec pr\u00e8s de 20 ans d\u2019exp\u00e9rience dans le secteur financier, ma mission est claire\u202f: favoriser votre bien-\u00eatre financier gr\u00e2ce \u00e0 un accompagnement qui va bien au-del\u00e0 des chiffres.<\/p>\n<p>Chaque client est unique, avec sa propre situation personnelle, familiale et financi\u00e8re. C\u2019est pourquoi je prends le temps de comprendre votre situation et de proposer des solutions sur mesure, con\u00e7ues pour vous aider \u00e0 r\u00e9ussir aujourd\u2019hui et \u00e0 prosp\u00e9rer demain.<\/p>\n<p>De la premi\u00e8re rencontre \u00e0 la conclusion de votre transaction, je m\u2019engage \u00e0 offrir une exp\u00e9rience client exceptionnelle. Que vous achetiez votre premi\u00e8re maison, refinanciez votre pr\u00eat ou planifiez l\u2019avenir, je serai \u00e0 vos c\u00f4t\u00e9s \u00e0 chaque \u00e9tape, pour vous assurer clart\u00e9, confiance et tranquillit\u00e9 d\u2019esprit.<\/p>\n<p><strong>Vos objectifs sont ma priorit\u00e9. Votre r\u00e9ussite est ma mission.<\/strong><\/p>\n<\/div>\n<\/div><\/div><div class=\"widget blue half\" id=\"free-mortgage\" data-index=\"1\"><div class=\"column\">\n    <div class=\"header\">\n\t<div class=\"free-mortgage-icon\"><\/div>\n\t<h2><strong>Examen<\/strong> hypoth\u00e9caire gratuit<\/h2>\n\t<p>D\u00e9couvrez combien vaut votre propri\u00e9t\u00e9.<\/p>\n    <\/div>\n    <div class=\"form\">\n        <div class='gf_browser_gecko gform_wrapper' id='gform_wrapper_8783' >\n            <form method='post' enctype='multipart\/form-data' id='gform_8783' action='' data-ajax=\"true\">\n\n                <input name=\"id_number\" class=\"id_number\" value=\"8783\" type=\"hidden\">\n\n                <div style=\"display:none\" class=\"validation_error\">Un probl\u00e8me est survenu relativement \u00e0 votre soumission. Les erreurs ont \u00e9t\u00e9 soulign\u00e9es ci-dessous.<\/div>\n\n                <div class='gform_body'>\n                    <ul id='gform_fields_8783' class='gform_fields top_label form_sublabel_below description_below'>\n                        <li id='field_8783_name' class='gfield field_sublabel_below field_description_below'>\n                            <div class='ginput_container'>\n                                <input name='name' id='name_8783' type='text' class='large'  tabindex='1'  placeholder='Pr\u00e9nom' \/>\n                            <\/div>\n                            <div style=\"display:none\" class=\"gfield_description validation_message\"><\/div>\n                        <\/li>\n                        <li id='field_8783_phone' class='gfield field_sublabel_below field_description_below' >\n                            <div class='ginput_container'>\n                                <input name='phone' id='phone_8783' type='text' class='large' tabindex='2'  placeholder='T\u00e9l\u00e9phone' \/>\n                            <\/div>\n                            <div style=\"display:none\" class=\"gfield_description validation_message\"><\/div>\n                        <\/li>\n                        <li id='field_8783_amount' class='gfield field_sublabel_below field_description_below' >\n                            <div class='ginput_container'>\n                                <input name='amount' id='amount_8783' type='text' class='large' tabindex='2'  placeholder='Montant du pr\u00eat hypoth\u00e9caire' \/>\n                            <\/div>\n                            <div style=\"display:none\" class=\"gfield_description validation_message\"><\/div>\n                        <\/li>\n                        <li id='field_8783_renewal' class='gfield field_sublabel_below field_description_below' >\n                            <div class='ginput_container'>\n                                <input name='renewal' id='renewal_8783' type='text' class='large' tabindex='2'  placeholder='Date du renouvellement' \/>\n                            <\/div>\n                            <div style=\"display:none\" class=\"gfield_description validation_message\"><\/div>\n                        <\/li>\n                        <li id='field_8783_day' class='gfield field_sublabel_below field_description_below' >\n                            <div class='ginput_container'>\n                                <select name='day' id='day_8783'  class='large gfield_select' tabindex='3' >\n                                    <option value='' class='gf_placeholder'>Meilleur jour pour l'appel<\/option>\n                                    <option value='Saturday'>samedi<\/option>\n                                    <option value='Sunday'>dimanche<\/option>\n                                    <option value='Monday'>lundi<\/option>\n                                    <option value='Tuesday'>mardi<\/option>\n                                    <option value='Wednesday'>mercredi<\/option>\n                                    <option value='Thursday'>jeudi<\/option>\n                                    <option value='Friday'>vendredi<\/option>\n                                <\/select>\n                            <\/div>\n                            <div style=\"display:none\" class=\"gfield_description validation_message\"><\/div>\n                        <\/li>\n                        <li id='field_8783_time' class='gfield field_sublabel_below field_description_below' >\n                            <div class='ginput_container'>\n                                <input name='time' id='time_8783' type='text' class='large'  tabindex='4'  placeholder='Meilleure heure pour l'appel' \/>\n                            <\/div>\n                            <div style=\"display:none\" class=\"gfield_description validation_message\"><\/div>\n                        <\/li>\n                        <li id='field_8783_g-recaptcha-response' class='gfield field_sublabel_below field_description_below'>\n                                                    <div class='ginput_container'>\n                                                            <div class=\"g-recaptcha\" id=\"widget-1-0-0\" style=\"transform:scale(0.6);-webkit-transform:scale(0.6);transform-origin:0 0;-webkit-transform-origin:0 0;\"><\/div>\n                                                    <\/div>\n                                                    <div style=\"display:none\" class=\"gfield_description validation_message\"><\/div>\n                                            <\/li>\n                    <\/ul>\n                <\/div>\n\n                <div class='gform_footer top_label'>\n                    <input type='submit' id='gform_submit_button_8783' class='gform_button button mortgage_review_submit' value='Je veux ma maison de r\u00eave!' tabindex='5'>\n                <\/div>\n                            <div class='loading'><\/div>\n            <\/form>\n        <\/div>\n    <\/div>\n\t\n\t<div style=\"display:none\" id=\"mortgage_review_8783_confirmation_message\" class=\"gforms_confirmation_message\">\n\t\t<div class=\"gform_confirmation_wrapper\">\n\t\t\t<div class=\"gform_confirmation_message\">\n\t\t\t\t<p>Merci d\u2019avoir communiqu\u00e9 avec nous! Nous communiquerons avec vous sous peu.<\/p>\n\t\t\t<\/div>\n\t\t<\/div>\n\t<\/div>\n\t\n<\/div>\n\n<\/div><div class=\"widget blue half\" id=\"calculators\" data-index=\"2\">\n\n\t\t\t\t\n\t\t\t\t<div class=\"content\">\n\t\t\t\t\t<h2>Nos calculatrices vous permettront d\u2019explorer vos options en mati\u00e8re de pr\u00eats hypoth\u00e9caires.<\/h2>\n\t\t\t\t\t<a class=\"buttons\" href=\"https:\/\/rougas.ca\/refinance\/refinance-calculators\/\">Cela m\u2019int\u00e9resse!<\/a>\n\t\t\t\t<\/div>\n\t\t\t<\/div><div class=\"widget blue half\" id=\"facebook_widget\" data-index=\"3\">\t\t<div id=\"facebook\">\n\t\t\n\t\t\t<div class=\"fb-page\" \n\t\t\t\tdata-href=\"https:\/\/www.facebook.com\/profile.php?id=61562871266324\" \n\t\t\t\t\n\t\t\t\tdata-small-header=\"false\" \n\t\t\t\tdata-adapt-container-width=\"true\" \n\t\t\t\tdata-width=\"500\" \n\t\t\t\tdata-height=\"450\"\n\t\t\t\t\t\t\t\tdata-hide-cover=\"false\"\n                data-show-facepile=\"true\">\n\n                <blockquote cite=\"https:\/\/www.facebook.com\/profile.php?id=61562871266324\" class=\"fb-xfbml-parse-ignore\">\n                    <a href=\"https:\/\/www.facebook.com\/profile.php?id=61562871266324\">Facebook<\/a>\n                <\/blockquote>\n\t\t\t<\/div>\n\t\t<\/div>\n\t\t\n\t\t<script>\n\t\t\t(function(d, s, id) { \n\t\t\t\tvar js, fjs = d.getElementsByTagName(s)[0];\n\t\t\t\tif (d.getElementById(id)) return;\n\t\t\t\tjs = d.createElement(s); js.id = id;\n\t\t\t\tjs.src = \"\/\/connect.facebook.net\/fr_FR\/sdk.js#xfbml=1&version=v2.8\";\n\t\t\t\tfjs.parentNode.insertBefore(js, fjs);\n\t\t\t} (document, 'script', 'facebook-jssdk'));\n\t\t\t\n\t\t<\/script>\n\t\t\n\t\t<\/div><div class=\"widget blue half\" id=\"linkedin_widget\" data-index=\"4\"> \n  \t\t<script src=\"https:\/\/platform.linkedin.com\/badges\/js\/profile.js\" async defer type=\"text\/javascript\"><\/script>\n             \n\t<div class=\"badge-base LI-profile-badge\"\n             data-locale=\"en_US\"\n             data-size=\"large\"\n             data-theme=\"light\"\n             data-type=\"HORIZONTAL\"\n             data-vanity=\"dimitrirougas\"\n             data-version=\"v1\">\n            <a class=\"badge-base__link LI-simple-link\"\n               href=\"https:\/\/www.linkedin.com\/in\/dimitrirougas\/?trk=profile-badge\"><\/a>\n        <\/div>\n<\/div>","protected":false},"excerpt":{"rendered":"<p>Je vous accompagne dans votre parcours financier Plus qu\u2019un simple courtier hypoth\u00e9caire, je suis un coach financier de confiance. Avec pr\u00e8s de 20 ans d\u2019exp\u00e9rience dans le secteur financier, ma mission est claire\u202f: favoriser votre bien-\u00eatre financier gr\u00e2ce \u00e0 un accompagnement qui va bien au-del\u00e0 des chiffres. Chaque client est unique, avec sa propre situation [&hellip;]<\/p>\n","protected":false},"author":1,"featured_media":0,"parent":0,"menu_order":0,"comment_status":"closed","ping_status":"open","template":"page-templates\/homepage.php","meta":[],"yoast_head":"<!-- This site is optimized with the Yoast SEO plugin v17.1 - https:\/\/yoast.com\/wordpress\/plugins\/seo\/ -->\n<meta name=\"robots\" content=\"index, follow, max-snippet:-1, max-image-preview:large, max-video-preview:-1\" \/>\n<link rel=\"canonical\" href=\"https:\/\/rougas.ca\/fr\/\" \/>\n<meta property=\"og:locale\" content=\"fr_FR\" \/>\n<meta property=\"og:type\" content=\"article\" \/>\n<meta property=\"og:title\" content=\"Bonjour - Centres Hypoth\u00e9caires Dominion\" \/>\n<meta property=\"og:description\" content=\"Je vous accompagne dans votre parcours financier Plus qu\u2019un simple courtier hypoth\u00e9caire, je suis un coach financier de confiance. Avec pr\u00e8s de 20 ans d\u2019exp\u00e9rience dans le secteur financier, ma mission est claire\u202f: favoriser votre bien-\u00eatre financier gr\u00e2ce \u00e0 un accompagnement qui va bien au-del\u00e0 des chiffres. Chaque client est unique, avec sa propre situation [&hellip;]\" \/>\n<meta property=\"og:url\" content=\"https:\/\/rougas.ca\/fr\/\" \/>\n<meta property=\"og:site_name\" content=\"Centres Hypoth\u00e9caires Dominion\" \/>\n<meta property=\"article:modified_time\" content=\"2025-12-04T15:09:34+00:00\" \/>\n<meta name=\"twitter:card\" content=\"summary\" \/>\n<meta name=\"twitter:label1\" content=\"Dur\u00e9e de lecture est.\" \/>\n\t<meta name=\"twitter:data1\" content=\"1 minute\" \/>\n<script type=\"application\/ld+json\" class=\"yoast-schema-graph\">{\"@context\":\"https:\/\/schema.org\",\"@graph\":[{\"@type\":\"Organization\",\"@id\":\"https:\/\/rougas.ca\/#organization\",\"name\":\"Centres Hypoth\\u00e9caires Dominion\",\"url\":\"https:\/\/rougas.ca\/\",\"sameAs\":[],\"logo\":{\"@type\":\"ImageObject\",\"@id\":\"https:\/\/rougas.ca\/#logo\",\"inLanguage\":\"fr-FR\",\"url\":\"http:\/\/master.wps.dlcserver.com\/wp-content\/uploads\/2017\/01\/vector_DLC1.jpg\",\"contentUrl\":\"http:\/\/master.wps.dlcserver.com\/wp-content\/uploads\/2017\/01\/vector_DLC1.jpg\",\"width\":369,\"height\":173,\"caption\":\"Centres Hypoth\\u00e9caires Dominion\"},\"image\":{\"@id\":\"https:\/\/rougas.ca\/#logo\"}},{\"@type\":\"WebSite\",\"@id\":\"https:\/\/rougas.ca\/#website\",\"url\":\"https:\/\/rougas.ca\/\",\"name\":\"Centres Hypoth\\u00e9caires Dominion\",\"description\":\"Just another WordPress site\",\"publisher\":{\"@id\":\"https:\/\/rougas.ca\/#organization\"},\"potentialAction\":[{\"@type\":\"SearchAction\",\"target\":{\"@type\":\"EntryPoint\",\"urlTemplate\":\"https:\/\/rougas.ca\/?s={search_term_string}\"},\"query-input\":\"required name=search_term_string\"}],\"inLanguage\":\"fr-FR\"},{\"@type\":\"WebPage\",\"@id\":\"https:\/\/rougas.ca\/fr\/#webpage\",\"url\":\"https:\/\/rougas.ca\/fr\/\",\"name\":\"Bonjour - Centres Hypoth\\u00e9caires Dominion\",\"isPartOf\":{\"@id\":\"https:\/\/rougas.ca\/#website\"},\"datePublished\":\"2016-09-12T20:55:39+00:00\",\"dateModified\":\"2025-12-04T15:09:34+00:00\",\"breadcrumb\":{\"@id\":\"https:\/\/rougas.ca\/fr\/#breadcrumb\"},\"inLanguage\":\"fr-FR\",\"potentialAction\":[{\"@type\":\"ReadAction\",\"target\":[\"https:\/\/rougas.ca\/fr\/\"]}]},{\"@type\":\"BreadcrumbList\",\"@id\":\"https:\/\/rougas.ca\/fr\/#breadcrumb\",\"itemListElement\":[{\"@type\":\"ListItem\",\"position\":1,\"name\":\"Home\",\"item\":\"https:\/\/rougas.ca\/fr\/\"},{\"@type\":\"ListItem\",\"position\":2,\"name\":\"Bonjour\"}]}]}<\/script>\n<!-- \/ Yoast SEO plugin. -->","yoast_head_json":{"robots":{"index":"index","follow":"follow","max-snippet":"max-snippet:-1","max-image-preview":"max-image-preview:large","max-video-preview":"max-video-preview:-1"},"canonical":"https:\/\/rougas.ca\/fr\/","og_locale":"fr_FR","og_type":"article","og_title":"Bonjour - Centres Hypoth\u00e9caires Dominion","og_description":"Je vous accompagne dans votre parcours financier Plus qu\u2019un simple courtier hypoth\u00e9caire, je suis un coach financier de confiance. Avec pr\u00e8s de 20 ans d\u2019exp\u00e9rience dans le secteur financier, ma mission est claire\u202f: favoriser votre bien-\u00eatre financier gr\u00e2ce \u00e0 un accompagnement qui va bien au-del\u00e0 des chiffres. Chaque client est unique, avec sa propre situation [&hellip;]","og_url":"https:\/\/rougas.ca\/fr\/","og_site_name":"Centres Hypoth\u00e9caires Dominion","article_modified_time":"2025-12-04T15:09:34+00:00","twitter_card":"summary","twitter_misc":{"Dur\u00e9e de lecture est.":"1 minute"},"schema":{"@context":"https:\/\/schema.org","@graph":[{"@type":"Organization","@id":"https:\/\/rougas.ca\/#organization","name":"Centres Hypoth\u00e9caires Dominion","url":"https:\/\/rougas.ca\/","sameAs":[],"logo":{"@type":"ImageObject","@id":"https:\/\/rougas.ca\/#logo","inLanguage":"fr-FR","url":"http:\/\/master.wps.dlcserver.com\/wp-content\/uploads\/2017\/01\/vector_DLC1.jpg","contentUrl":"http:\/\/master.wps.dlcserver.com\/wp-content\/uploads\/2017\/01\/vector_DLC1.jpg","width":369,"height":173,"caption":"Centres Hypoth\u00e9caires Dominion"},"image":{"@id":"https:\/\/rougas.ca\/#logo"}},{"@type":"WebSite","@id":"https:\/\/rougas.ca\/#website","url":"https:\/\/rougas.ca\/","name":"Centres Hypoth\u00e9caires Dominion","description":"Just another WordPress site","publisher":{"@id":"https:\/\/rougas.ca\/#organization"},"potentialAction":[{"@type":"SearchAction","target":{"@type":"EntryPoint","urlTemplate":"https:\/\/rougas.ca\/?s={search_term_string}"},"query-input":"required name=search_term_string"}],"inLanguage":"fr-FR"},{"@type":"WebPage","@id":"https:\/\/rougas.ca\/fr\/#webpage","url":"https:\/\/rougas.ca\/fr\/","name":"Bonjour - Centres Hypoth\u00e9caires Dominion","isPartOf":{"@id":"https:\/\/rougas.ca\/#website"},"datePublished":"2016-09-12T20:55:39+00:00","dateModified":"2025-12-04T15:09:34+00:00","breadcrumb":{"@id":"https:\/\/rougas.ca\/fr\/#breadcrumb"},"inLanguage":"fr-FR","potentialAction":[{"@type":"ReadAction","target":["https:\/\/rougas.ca\/fr\/"]}]},{"@type":"BreadcrumbList","@id":"https:\/\/rougas.ca\/fr\/#breadcrumb","itemListElement":[{"@type":"ListItem","position":1,"name":"Home","item":"https:\/\/rougas.ca\/fr\/"},{"@type":"ListItem","position":2,"name":"Bonjour"}]}]}},"_links":{"self":[{"href":"https:\/\/rougas.ca\/fr\/wp-json\/wp\/v2\/pages\/587"}],"collection":[{"href":"https:\/\/rougas.ca\/fr\/wp-json\/wp\/v2\/pages"}],"about":[{"href":"https:\/\/rougas.ca\/fr\/wp-json\/wp\/v2\/types\/page"}],"author":[{"embeddable":true,"href":"https:\/\/rougas.ca\/fr\/wp-json\/wp\/v2\/users\/1"}],"replies":[{"embeddable":true,"href":"https:\/\/rougas.ca\/fr\/wp-json\/wp\/v2\/comments?post=587"}],"version-history":[{"count":29,"href":"https:\/\/rougas.ca\/fr\/wp-json\/wp\/v2\/pages\/587\/revisions"}],"predecessor-version":[{"id":1366,"href":"https:\/\/rougas.ca\/fr\/wp-json\/wp\/v2\/pages\/587\/revisions\/1366"}],"wp:attachment":[{"href":"https:\/\/rougas.ca\/fr\/wp-json\/wp\/v2\/media?parent=587"}],"curies":[{"name":"wp","href":"https:\/\/api.w.org\/{rel}","templated":true}]}}